{"id":2166,"date":"2023-12-15T16:54:35","date_gmt":"2023-12-15T23:54:35","guid":{"rendered":"https:\/\/cdd.health.unm.edu\/ecln\/?page_id=2166"},"modified":"2025-02-03T10:58:41","modified_gmt":"2025-02-03T17:58:41","slug":"podcast-series","status":"publish","type":"page","link":"https:\/\/cdd.health.unm.edu\/ecln\/podcast-series\/","title":{"rendered":"Podcast Series"},"content":{"rendered":"\n<p>The <strong>Home Visiting Conversations<\/strong> podcast will address the questions and concerns of home visitors and family members in New Mexico. Join us as we engage with experts in the field who offer their insights on a range of early childhood topics. These podcasts are made possible with the support of the New Mexico Early Childhood Education and Care Department, ECECD.<\/p>\n\n\n\n<p>El podcast \"<strong>Conversaciones de visitas domiciliarias<\/strong>\" abordar\u00e1 preguntas e inquietudes de los visitadores domiciliarios y de los miembros de familias en Nuevo M\u00e9xico. \u00danete a nosotros mientras colaboramos con los expertos en el \u00e1rea, que ofrecen sus perspectivas sobre una variedad de temas referentes a la primera infancia. Estos podcasts son posibles gracias al apoyo del Departamento de Educaci\u00f3n y Cuidado de la Primera Infancia de Nuevo M\u00e9xico, ECECD.<\/p>\n\n\n\n<div class=\"wp-block-columns is-layout-flex wp-container-core-columns-is-layout-9d6595d7 wp-block-columns-is-layout-flex\">\n<div class=\"wp-block-column is-layout-flow wp-block-column-is-layout-flow\">\n<p><a href=\"https:\/\/cdd.health.unm.edu\/ecln\/podcast-series\/h-home-visiting-conversations\" data-type=\"link\" data-id=\"https:\/\/cdd.health.unm.edu\/ecln\/podcast-series\/h-home-visiting-conversations\">Home Visiting Conversations<\/a><\/p>\n<\/div>\n\n\n\n<div class=\"wp-block-column is-layout-flow wp-block-column-is-layout-flow\">\n<p><a href=\"https:\/\/cdd.health.unm.edu\/ecln\/podcast-series\/h-conversaciones-de-visitas-domiciliarias\" data-type=\"link\" data-id=\"https:\/\/cdd.health.unm.edu\/ecln\/podcast-series\/h-conversaciones-de-visitas-domiciliarias\">Conversaciones de Visitas Domiciliarias<\/a><\/p>\n<\/div>\n<\/div>\n","protected":false},"excerpt":{"rendered":"<p>The Home Visiting Conversations podcast will address the questions and concerns of home visitors and family members in New Mexico. Join us as we engage with experts in the field who offer their insights on a range of early childhood topics. These podcasts are made possible with the support of the New Mexico Early Childhood [&hellip;]<\/p>\n","protected":false},"author":15,"featured_media":0,"parent":0,"menu_order":0,"comment_status":"closed","ping_status":"closed","template":"","meta":{"_exactmetrics_skip_tracking":false,"_exactmetrics_sitenote_active":false,"_exactmetrics_sitenote_note":"","_exactmetrics_sitenote_category":0,"footnotes":""},"class_list":["post-2166","page","type-page","status-publish","czr-hentry"],"_links":{"self":[{"href":"https:\/\/cdd.health.unm.edu\/ecln\/wp-json\/wp\/v2\/pages\/2166","targetHints":{"allow":["GET"]}}],"collection":[{"href":"https:\/\/cdd.health.unm.edu\/ecln\/wp-json\/wp\/v2\/pages"}],"about":[{"href":"https:\/\/cdd.health.unm.edu\/ecln\/wp-json\/wp\/v2\/types\/page"}],"author":[{"embeddable":true,"href":"https:\/\/cdd.health.unm.edu\/ecln\/wp-json\/wp\/v2\/users\/15"}],"replies":[{"embeddable":true,"href":"https:\/\/cdd.health.unm.edu\/ecln\/wp-json\/wp\/v2\/comments?post=2166"}],"version-history":[{"count":15,"href":"https:\/\/cdd.health.unm.edu\/ecln\/wp-json\/wp\/v2\/pages\/2166\/revisions"}],"predecessor-version":[{"id":4000,"href":"https:\/\/cdd.health.unm.edu\/ecln\/wp-json\/wp\/v2\/pages\/2166\/revisions\/4000"}],"wp:attachment":[{"href":"https:\/\/cdd.health.unm.edu\/ecln\/wp-json\/wp\/v2\/media?parent=2166"}],"curies":[{"name":"wp","href":"https:\/\/api.w.org\/{rel}","templated":true}]}}